{"id":349,"date":"2020-08-24T12:31:58","date_gmt":"2020-08-24T12:31:58","guid":{"rendered":"https:\/\/bizbergthemes.com\/business-event-pro\/?page_id=349"},"modified":"2025-04-28T20:41:30","modified_gmt":"2025-04-28T18:41:30","slug":"speaker-details","status":"publish","type":"page","link":"https:\/\/www.konzerte-lauraundmark.de\/?page_id=349","title":{"rendered":"Speaker Details"},"content":{"rendered":"\t\t<div data-elementor-type=\"wp-page\" data-elementor-id=\"349\" class=\"elementor elementor-349\">\n\t\t\t\t\t\t<section class=\"elementor-section elementor-top-section elementor-element elementor-element-4042627 elementor-section-boxed elementor-section-height-default elementor-section-height-default\" data-id=\"4042627\" data-element_type=\"section\" data-settings=\"{&quot;background_background&quot;:&quot;classic&quot;}\">\n\t\t\t\t\t\t<div class=\"elementor-container elementor-column-gap-default\">\n\t\t\t\t\t<div class=\"elementor-column elementor-col-100 elementor-top-column elementor-element elementor-element-c0c8a03\" data-id=\"c0c8a03\" data-element_type=\"column\">\n\t\t\t<div class=\"elementor-widget-wrap elementor-element-populated\">\n\t\t\t\t\t\t<div class=\"elementor-element elementor-element-81eb36c elementor-widget elementor-widget-naevents_basic_team_single\" data-id=\"81eb36c\" data-element_type=\"widget\" data-settings=\"{&quot;team_image&quot;:{&quot;url&quot;:&quot;https:\\\/\\\/www.konzerte-lauraundmark.de\\\/wp-content\\\/uploads\\\/2025\\\/04\\\/17-06-2024-19-33-14-1.jpg&quot;,&quot;id&quot;:1442,&quot;size&quot;:&quot;&quot;,&quot;alt&quot;:&quot;&quot;,&quot;source&quot;:&quot;library&quot;}}\" data-widget_type=\"naevents_basic_team_single.default\">\n\t\t\t\t<div class=\"elementor-widget-container\">\n\t\t\t\t\t<div class=\"naeep-team-single-wrap\">\n\t\t\t\t\t\t\t\t<div class=\"naeep-team-single-item\">\n\t\t\t\t\t\t\t\t<div class=\"single-mate-image\"><div class=\"naeep-image\"><div class=\"image-wrap hide-shape\"><img decoding=\"async\" src=\"https:\/\/www.konzerte-lauraundmark.de\/wp-content\/uploads\/2025\/04\/17-06-2024-19-33-14-1.jpg\" alt=\"Laura &amp; Mark\"><\/div><\/div><\/div>\n\t\t\t\t\t\t\t\t<div class=\"single-mate-info\">\n\t\t\t\t\t\t\t\t\t<h3 class=\"team-title\">Laura &amp; Mark<\/h3><h5>Das aufstrebende Liebesduo<\/h5>\n\t\t\t\t\t\t\t\t\t<ul><li><span>Genre : <\/span>Pop Schlager<\/li><li><span>Rolle:<\/span>S\u00e4nger, Songwriter, Musik-, Foto-, Video-Produzenten, Liebesduo<\/li><li><span>Ein Liebesduo seit:<\/span>10 Jahre<\/li><li><span>Email : <\/span>info@elpema.com.com<\/li><li><span>Telefon :<\/span>+31 6 14 33 04 21<\/li><\/ul><div class=\"naeep-social rounded\"><\/div>\n\t\t\t\t\t\t\t<\/div>\n\t\t\t\t\t\t\t<\/div>\n\t\t\t\t\t\t<\/div>\t\t\t\t<\/div>\n\t\t\t\t<\/div>\n\t\t\t\t<div class=\"elementor-element elementor-element-e2d4a76 elementor-widget elementor-widget-text-editor\" data-id=\"e2d4a76\" data-element_type=\"widget\" data-widget_type=\"text-editor.default\">\n\t\t\t\t<div class=\"elementor-widget-container\">\n\t\t\t\t\t\t\t\t\t<h2 class=\"p1\"><b>Laura &amp; Mark: Eine musikalische Liebesgeschichte<\/b><b><\/b><\/h2><p class=\"p1\">Laura &amp; Mark lernten sich 2016 w\u00e4hrend ihrer Teilnahme an &#8222;Deutschland sucht den Superstar&#8220; kennen, wo Laura den zweiten und Mark den vierten Platz belegten. Seitdem sind sie nicht nur privat ein Paar, sondern auch musikalisch unzertrennlich. Ihre gemeinsame Leidenschaft f\u00fcr Musik f\u00fchrte sie dazu, das Duo Laura &amp; Mark zu gr\u00fcnden, mit dem sie die Schlagerwelt im Sturm eroberten.<\/p><h4 class=\"p1\"><strong>Musikalische Erfolge<\/strong><b><\/b><\/h4><p class=\"p1\">Mit ihrem eigenen Familienlabel ELPEMA gelang es Laura &amp; Mark, als Newcomer ohne Unterst\u00fctzung eines Major-Labels bemerkenswerte Erfolge zu erzielen. Ihre dritte Single erreichte Platz 8 der offiziellen deutschen Airplay-Charts Pop-Konservativ und stieg in die Top 150 der deutschen Charts ein \u2013 ein au\u00dfergew\u00f6hnlicher Erfolg im Schlagergenre f\u00fcr nicht etablierte K\u00fcnstler.<\/p><p class=\"p1\">Die Singles &#8222;Liebe kennt keine Grenzen&#8220; und &#8222;Das Gibt&#8217;s Nie Wieder&#8220; schafften es beide in die Top 20 der Airplay-Charts Pop-Konservativ. Ihre neueste Ver\u00f6ffentlichung, &#8222;Ein Bisschen Verliebt&#8220; (V\u00d6 14.03.2024), erz\u00e4hlt die Geschichte ihres Kennenlernens und wurde von zahlreichen Medien wie BUNTE und verschiedenen Schlagerportalen positiv aufgenommen. Apple Music w\u00fcrdigte das Duo, indem es sie zu den Gesichtern des modernen Schlagers ernannte.<\/p><h4 class=\"p1\"><b>Social Media Pr\u00e4senz<\/b><b><\/b><\/h4><p class=\"p1\">Auf Social Media verzeichnen Laura &amp; Mark beeindruckende Zahlen:<\/p><ul class=\"ul1\"><li class=\"li1\">\u00dcber 815.000 Follower<\/li><li class=\"li1\">83 Millionen Views<\/li><li class=\"li1\">Mehr als 2.000 w\u00f6chentliche TikTok-Creations Im vergangenen Jahr erreichten sie mit ihrer Musik 165 Millionen Menschen und z\u00e4hlen damit zu den gefragtesten K\u00fcnstlern im Pop-Schlager.<\/li><\/ul><h4 class=\"p1\"><b>Live-Auftritte<\/b><b><\/b><\/h4><p class=\"p1\">Auch live \u00fcberzeugen Laura &amp; Mark:<\/p><ul class=\"ul1\"><li class=\"li1\">Special Guests bei Andrea Bergs Open Airs und ihrem 30-j\u00e4hrigen Jubil\u00e4um<\/li><li class=\"li1\">Teilnahme an Kerstin Otts Deutschland-Tour Diese Auftritte festigten ihren Ruf als fester Bestandteil der deutschen Schlagerszene.<\/li><\/ul><h3 class=\"p1\"><b>Top 8 Hit Single: &#8222;Ein Bisschen Verliebt&#8220;<\/b><b><\/b><\/h3><p class=\"p1\">Mit &#8222;Ein Bisschen Verliebt&#8220; verarbeiten Laura &amp; Mark den Moment ihres Kennenlernens musikalisch. Der Song entstand in Eigenregie und verbindet moderne Produktion mit emotionalem Storytelling. Ein besonderes Highlight ist das Coverfoto, ein originales Polaroid vom Abend ihres ersten Treffens im Juni 2016.<\/p><p class=\"p1\">Laura &amp; Mark stehen exemplarisch f\u00fcr die Verbindung von Liebe und Musik, die keine Grenzen kennt. Mit Authentizit\u00e4t, Talent und Leidenschaft haben sie sich in der deutschen Musiklandschaft etabliert und begeistern ihre stetig wachsende Fangemeinde.<\/p>\t\t\t\t\t\t\t\t<\/div>\n\t\t\t\t<\/div>\n\t\t\t\t\t<\/div>\n\t\t<\/div>\n\t\t\t\t\t<\/div>\n\t\t<\/section>\n\t\t\t\t<section class=\"elementor-section elementor-top-section elementor-element elementor-element-4c8fe458 elementor-section-boxed elementor-section-height-default elementor-section-height-default\" data-id=\"4c8fe458\" data-element_type=\"section\">\n\t\t\t\t\t\t\t<div class=\"elementor-background-overlay\"><\/div>\n\t\t\t\t\t\t\t<div class=\"elementor-container elementor-column-gap-default\">\n\t\t\t\t\t<div class=\"elementor-column elementor-col-100 elementor-top-column elementor-element elementor-element-2ed1c9d5\" data-id=\"2ed1c9d5\" data-element_type=\"column\">\n\t\t\t<div class=\"elementor-widget-wrap elementor-element-populated\">\n\t\t\t\t\t\t<div class=\"elementor-element elementor-element-6ec2bd7c elementor-invisible elementor-widget elementor-widget-heading\" data-id=\"6ec2bd7c\" data-element_type=\"widget\" data-settings=\"{&quot;_animation&quot;:&quot;fadeInDown&quot;}\" data-widget_type=\"heading.default\">\n\t\t\t\t<div class=\"elementor-widget-container\">\n\t\t\t\t\t<h4 class=\"elementor-heading-title elementor-size-default\">Magische Momente<\/h4>\t\t\t\t<\/div>\n\t\t\t\t<\/div>\n\t\t\t\t<div class=\"elementor-element elementor-element-19a88a8d elementor-widget elementor-widget-spacer\" data-id=\"19a88a8d\" data-element_type=\"widget\" data-widget_type=\"spacer.default\">\n\t\t\t\t<div class=\"elementor-widget-container\">\n\t\t\t\t\t\t\t<div class=\"elementor-spacer\">\n\t\t\t<div class=\"elementor-spacer-inner\"><\/div>\n\t\t<\/div>\n\t\t\t\t\t\t<\/div>\n\t\t\t\t<\/div>\n\t\t\t\t<div class=\"elementor-element elementor-element-796f937f elementor-invisible elementor-widget elementor-widget-heading\" data-id=\"796f937f\" data-element_type=\"widget\" data-settings=\"{&quot;_animation&quot;:&quot;fadeInDown&quot;}\" data-widget_type=\"heading.default\">\n\t\t\t\t<div class=\"elementor-widget-container\">\n\t\t\t\t\t<h2 class=\"elementor-heading-title elementor-size-default\">Musikvideos<\/h2>\t\t\t\t<\/div>\n\t\t\t\t<\/div>\n\t\t\t\t<div class=\"elementor-element elementor-element-99e60e4 elementor-widget-divider--view-line_icon elementor-view-default elementor-widget-divider--element-align-center elementor-invisible elementor-widget elementor-widget-divider\" data-id=\"99e60e4\" data-element_type=\"widget\" data-settings=\"{&quot;_animation&quot;:&quot;fadeInDown&quot;}\" data-widget_type=\"divider.default\">\n\t\t\t\t<div class=\"elementor-widget-container\">\n\t\t\t\t\t\t\t<div class=\"elementor-divider\">\n\t\t\t<span class=\"elementor-divider-separator\">\n\t\t\t\t\t\t\t<div class=\"elementor-icon elementor-divider__element\">\n\t\t\t\t\t<svg aria-hidden=\"true\" class=\"e-font-icon-svg e-fab-hotjar\" viewBox=\"0 0 448 512\" xmlns=\"http:\/\/www.w3.org\/2000\/svg\"><path d=\"M414.9 161.5C340.2 29 121.1 0 121.1 0S222.2 110.4 93 197.7C11.3 252.8-21 324.4 14 402.6c26.8 59.9 83.5 84.3 144.6 93.4-29.2-55.1-6.6-122.4-4.1-129.6 57.1 86.4 165 0 110.8-93.9 71 15.4 81.6 138.6 27.1 215.5 80.5-25.3 134.1-88.9 148.8-145.6 15.5-59.3 3.7-127.9-26.3-180.9z\"><\/path><\/svg><\/div>\n\t\t\t\t\t\t<\/span>\n\t\t<\/div>\n\t\t\t\t\t\t<\/div>\n\t\t\t\t<\/div>\n\t\t\t\t<div class=\"elementor-element elementor-element-c99c5fb elementor-widget elementor-widget-spacer\" data-id=\"c99c5fb\" data-element_type=\"widget\" data-widget_type=\"spacer.default\">\n\t\t\t\t<div class=\"elementor-widget-container\">\n\t\t\t\t\t\t\t<div class=\"elementor-spacer\">\n\t\t\t<div class=\"elementor-spacer-inner\"><\/div>\n\t\t<\/div>\n\t\t\t\t\t\t<\/div>\n\t\t\t\t<\/div>\n\t\t\t\t<section class=\"elementor-section elementor-inner-section elementor-element elementor-element-8fbe475 elementor-section-boxed elementor-section-height-default elementor-section-height-default\" data-id=\"8fbe475\" data-element_type=\"section\">\n\t\t\t\t\t\t<div class=\"elementor-container elementor-column-gap-default\">\n\t\t\t\t\t<div class=\"elementor-column elementor-col-33 elementor-inner-column elementor-element elementor-element-68a294d elementor-invisible\" data-id=\"68a294d\" data-element_type=\"column\" data-settings=\"{&quot;animation&quot;:&quot;fadeInLeft&quot;}\">\n\t\t\t<div class=\"elementor-widget-wrap elementor-element-populated\">\n\t\t\t\t\t\t<div class=\"elementor-element elementor-element-b88d909 elementor-widget elementor-widget-naevents_basic_video\" data-id=\"b88d909\" data-element_type=\"widget\" data-widget_type=\"naevents_basic_video.default\">\n\t\t\t\t<div class=\"elementor-widget-container\">\n\t\t\t\t\t<div class=\"naeep-video-wrap\"><div class=\"naeep-image\" style=\"background-image: url(https:\/\/www.konzerte-lauraundmark.de\/wp-content\/uploads\/2025\/04\/ein-bisschen-verliebt-thumb.jpg);\"><img decoding=\"async\" src=\"https:\/\/www.konzerte-lauraundmark.de\/wp-content\/uploads\/2025\/04\/ein-bisschen-verliebt-thumb.jpg\" alt=\"Video\"><a href=\"https:\/\/www.youtube.com\/watch?v=kmuGfSNISTg&#038;list=RDkmuGfSNISTg&#038;start_radio=1\" class=\"naeep-video-btn naeep-popup-video\"><i class=\"fa fa-play\" aria-hidden=\"true\"><\/i><span class=\"naeep-ripple\"><\/span><\/a><\/div><\/div>\t\t\t\t<\/div>\n\t\t\t\t<\/div>\n\t\t\t\t\t<\/div>\n\t\t<\/div>\n\t\t\t\t<div class=\"elementor-column elementor-col-33 elementor-inner-column elementor-element elementor-element-34491f2 elementor-invisible\" data-id=\"34491f2\" data-element_type=\"column\" data-settings=\"{&quot;animation&quot;:&quot;fadeInUp&quot;}\">\n\t\t\t<div class=\"elementor-widget-wrap elementor-element-populated\">\n\t\t\t\t\t\t<div class=\"elementor-element elementor-element-1b204ed elementor-widget elementor-widget-naevents_basic_video\" data-id=\"1b204ed\" data-element_type=\"widget\" data-widget_type=\"naevents_basic_video.default\">\n\t\t\t\t<div class=\"elementor-widget-container\">\n\t\t\t\t\t<div class=\"naeep-video-wrap\"><div class=\"naeep-image\" style=\"background-image: url(https:\/\/www.konzerte-lauraundmark.de\/wp-content\/uploads\/2025\/04\/dgnw-yt-thumb.jpg);\"><img decoding=\"async\" src=\"https:\/\/www.konzerte-lauraundmark.de\/wp-content\/uploads\/2025\/04\/dgnw-yt-thumb.jpg\" alt=\"Video\"><a href=\"https:\/\/www.youtube.com\/watch?v=lbEG-sSPcdU&#038;list=RDkmuGfSNISTg&#038;index=2\" class=\"naeep-video-btn naeep-popup-video\"><i class=\"fa fa-play\" aria-hidden=\"true\"><\/i><span class=\"naeep-ripple\"><\/span><\/a><\/div><\/div>\t\t\t\t<\/div>\n\t\t\t\t<\/div>\n\t\t\t\t\t<\/div>\n\t\t<\/div>\n\t\t\t\t<div class=\"elementor-column elementor-col-33 elementor-inner-column elementor-element elementor-element-1baad11 elementor-invisible\" data-id=\"1baad11\" data-element_type=\"column\" data-settings=\"{&quot;animation&quot;:&quot;fadeInRight&quot;}\">\n\t\t\t<div class=\"elementor-widget-wrap elementor-element-populated\">\n\t\t\t\t\t\t<div class=\"elementor-element elementor-element-e28c5f1 elementor-widget elementor-widget-naevents_basic_video\" data-id=\"e28c5f1\" data-element_type=\"widget\" data-widget_type=\"naevents_basic_video.default\">\n\t\t\t\t<div class=\"elementor-widget-container\">\n\t\t\t\t\t<div class=\"naeep-video-wrap\"><div class=\"naeep-image\" style=\"background-image: url(https:\/\/www.konzerte-lauraundmark.de\/wp-content\/uploads\/2025\/04\/regenbogenfarben-thumb.jpg);\"><img decoding=\"async\" src=\"https:\/\/www.konzerte-lauraundmark.de\/wp-content\/uploads\/2025\/04\/regenbogenfarben-thumb.jpg\" alt=\"Video\"><a href=\"https:\/\/www.youtube.com\/watch?v=x6dj5UuN4S4&#038;list=RDkmuGfSNISTg&#038;index=7\" class=\"naeep-video-btn naeep-popup-video\"><i class=\"fa fa-play\" aria-hidden=\"true\"><\/i><span class=\"naeep-ripple\"><\/span><\/a><\/div><\/div>\t\t\t\t<\/div>\n\t\t\t\t<\/div>\n\t\t\t\t\t<\/div>\n\t\t<\/div>\n\t\t\t\t\t<\/div>\n\t\t<\/section>\n\t\t\t\t\t<\/div>\n\t\t<\/div>\n\t\t\t\t\t<\/div>\n\t\t<\/section>\n\t\t\t\t<\/div>\n\t\t","protected":false},"excerpt":{"rendered":"<p>Laura &amp; Mark Das aufstrebende Liebesduo Genre : Pop Schlager Rolle:S\u00e4nger, Songwriter, Musik-, Foto-, Video-Produzenten, Liebesduo Ein Liebesduo seit:10 Jahre Email : info@elpema.com.com Telefon :+31 6 14 33 04 21 Laura &amp; Mark: Eine musikalische Liebesgeschichte Laura &amp; Mark lernten sich 2016 w\u00e4hrend ihrer Teilnahme an &#8222;Deutschland sucht den Superstar&#8220; kennen, wo Laura den zweiten und Mark den vierten Platz&#8230;<\/p>\n","protected":false},"author":1,"featured_media":0,"parent":0,"menu_order":0,"comment_status":"closed","ping_status":"closed","template":"elementor_header_footer","meta":{"_acf_changed":false,"om_disable_all_campaigns":false,"_monsterinsights_skip_tracking":false,"_monsterinsights_sitenote_active":false,"_monsterinsights_sitenote_note":"","_monsterinsights_sitenote_category":0,"_price":"","_stock":"","_tribe_ticket_header":"","_tribe_default_ticket_provider":"","_tribe_ticket_capacity":"0","_ticket_start_date":"","_ticket_end_date":"","_tribe_ticket_show_description":"","_tribe_ticket_show_not_going":false,"_tribe_ticket_use_global_stock":"","_tribe_ticket_global_stock_level":"","_global_stock_mode":"","_global_stock_cap":"","_tribe_rsvp_for_event":"","_tribe_ticket_going_count":"","_tribe_ticket_not_going_count":"","_tribe_tickets_list":"[]","_tribe_ticket_has_attendee_info_fields":false,"footnotes":"","_tec_slr_enabled":"","_tec_slr_layout":""},"class_list":["post-349","page","type-page","status-publish","hentry"],"acf":[],"aioseo_notices":[],"jetpack_sharing_enabled":true,"ticketed":false,"_links":{"self":[{"href":"https:\/\/www.konzerte-lauraundmark.de\/index.php?rest_route=\/wp\/v2\/pages\/349","targetHints":{"allow":["GET"]}}],"collection":[{"href":"https:\/\/www.konzerte-lauraundmark.de\/index.php?rest_route=\/wp\/v2\/pages"}],"about":[{"href":"https:\/\/www.konzerte-lauraundmark.de\/index.php?rest_route=\/wp\/v2\/types\/page"}],"author":[{"embeddable":true,"href":"https:\/\/www.konzerte-lauraundmark.de\/index.php?rest_route=\/wp\/v2\/users\/1"}],"replies":[{"embeddable":true,"href":"https:\/\/www.konzerte-lauraundmark.de\/index.php?rest_route=%2Fwp%2Fv2%2Fcomments&post=349"}],"version-history":[{"count":0,"href":"https:\/\/www.konzerte-lauraundmark.de\/index.php?rest_route=\/wp\/v2\/pages\/349\/revisions"}],"wp:attachment":[{"href":"https:\/\/www.konzerte-lauraundmark.de\/index.php?rest_route=%2Fwp%2Fv2%2Fmedia&parent=349"}],"curies":[{"name":"wp","href":"https:\/\/api.w.org\/{rel}","templated":true}]}}